{"id":25835549,"date":"2025-02-04T13:02:54","date_gmt":"2025-02-04T13:02:54","guid":{"rendered":"https:\/\/kuglerbimetal.ch\/actualites\/"},"modified":"2025-10-28T10:42:58","modified_gmt":"2025-10-28T10:42:58","slug":"actualites","status":"publish","type":"page","link":"https:\/\/kuglerbimetal.ch\/fr\/actualites\/","title":{"rendered":"Aktuelles"},"content":{"rendered":"\n[et_pb_section fb_built=\u00a0\u00bb1&Prime; _builder_version=\u00a0\u00bb4.27.4&Prime; _module_preset=\u00a0\u00bbdefault\u00a0\u00bb hover_enabled=\u00a0\u00bb0&Prime; locked=\u00a0\u00bboff\u00a0\u00bb global_colors_info=\u00a0\u00bb{}\u00a0\u00bb background_color=\u00a0\u00bb#FAFAFA\u00a0\u00bb sticky_enabled=\u00a0\u00bb0&Prime;][et_pb_row _builder_version=\u00a0\u00bb4.27.4&Prime; _module_preset=\u00a0\u00bbdefault\u00a0\u00bb hover_enabled=\u00a0\u00bb0&Prime; global_colors_info=\u00a0\u00bb{}\u00a0\u00bb custom_margin=\u00a0\u00bb||||true|false\u00a0\u00bb sticky_enabled=\u00a0\u00bb0&Prime;][et_pb_column type=\u00a0\u00bb4_4&Prime; _builder_version=\u00a0\u00bb4.27.4&Prime; _module_preset=\u00a0\u00bbdefault\u00a0\u00bb global_colors_info=\u00a0\u00bb{}\u00a0\u00bb][et_pb_text _builder_version=\u00a0\u00bb4.27.4&Prime; _module_preset=\u00a0\u00bbdefault\u00a0\u00bb hover_enabled=\u00a0\u00bb0&Prime; global_colors_info=\u00a0\u00bb{}\u00a0\u00bb sticky_enabled=\u00a0\u00bb0&Prime;]<h1>Les derni\u00e8res nouvelles<\/h1>[\/et_pb_text][\/et_pb_column][\/et_pb_row][\/et_pb_section][et_pb_section fb_built=\u00a0\u00bb1&Prime; _builder_version=\u00a0\u00bb4.27.4&Prime; _module_preset=\u00a0\u00bbdefault\u00a0\u00bb hover_enabled=\u00a0\u00bb0&Prime; global_colors_info=\u00a0\u00bb{}\u00a0\u00bb background_color=\u00a0\u00bb#FAFAFA\u00a0\u00bb sticky_enabled=\u00a0\u00bb0&Prime; custom_margin=\u00a0\u00bb||||true|false\u00a0\u00bb custom_padding=\u00a0\u00bb||||true|false\u00a0\u00bb][et_pb_row _builder_version=\u00a0\u00bb4.27.4&Prime; _module_preset=\u00a0\u00bbdefault\u00a0\u00bb hover_enabled=\u00a0\u00bb0&Prime; global_colors_info=\u00a0\u00bb{}\u00a0\u00bb custom_margin=\u00a0\u00bb||||true|false\u00a0\u00bb sticky_enabled=\u00a0\u00bb0&Prime;][et_pb_column type=\u00a0\u00bb4_4&Prime; _builder_version=\u00a0\u00bb4.27.4&Prime; _module_preset=\u00a0\u00bbdefault\u00a0\u00bb global_colors_info=\u00a0\u00bb{}\u00a0\u00bb][et_pb_blog fullwidth=\u00a0\u00bboff\u00a0\u00bb show_more=\u00a0\u00bbon\u00a0\u00bb show_author=\u00a0\u00bboff\u00a0\u00bb show_categories=\u00a0\u00bboff\u00a0\u00bb _builder_version=\u00a0\u00bb4.27.4&Prime; _module_preset=\u00a0\u00bbdefault\u00a0\u00bb hover_enabled=\u00a0\u00bb0&Prime; global_colors_info=\u00a0\u00bb{}\u00a0\u00bb sticky_enabled=\u00a0\u00bb0&Prime;][\/et_pb_blog][\/et_pb_column][\/et_pb_row][\/et_pb_section]\n","protected":false},"excerpt":{"rendered":"<p>Les derni\u00e8res nouvelles<\/p>\n","protected":false},"author":1,"featured_media":0,"parent":0,"menu_order":0,"comment_status":"closed","ping_status":"closed","template":"","meta":{"_et_pb_use_builder":"on","_et_pb_old_content":"","_et_gb_content_width":"","footnotes":""},"dipi_cpt_category":[],"class_list":["post-25835549","page","type-page","status-publish","hentry"],"yoast_head":"<!-- This site is optimized with the Yoast SEO plugin v27.4 - https:\/\/yoast.com\/product\/yoast-seo-wordpress\/ -->\n<title>Actualit\u00e9s et articles de notre \u00e9quipe | Kugler Bimetal<\/title>\n<meta name=\"description\" content=\"Restez inform\u00e9 des d\u00e9veloppements actuels et futurs.Actualit\u00e9s de l\u2019entreprise, prochains salons professionnels, nouvelles technologies et \u00e9v\u00e9nements auxquels nous serons pr\u00e9sents.\" \/>\n<meta name=\"robots\" content=\"index, follow, max-snippet:-1, max-image-preview:large, max-video-preview:-1\" \/>\n<link rel=\"canonical\" href=\"https:\/\/kuglerbimetal.ch\/fr\/actualites\/\" \/>\n<meta property=\"og:locale\" content=\"fr_FR\" \/>\n<meta property=\"og:type\" content=\"article\" \/>\n<meta property=\"og:title\" content=\"Actualit\u00e9s et articles de notre \u00e9quipe | Kugler Bimetal\" \/>\n<meta property=\"og:description\" content=\"Restez inform\u00e9 des d\u00e9veloppements actuels et futurs.Actualit\u00e9s de l\u2019entreprise, prochains salons professionnels, nouvelles technologies et \u00e9v\u00e9nements auxquels nous serons pr\u00e9sents.\" \/>\n<meta property=\"og:url\" content=\"https:\/\/kuglerbimetal.ch\/fr\/actualites\/\" \/>\n<meta property=\"og:site_name\" content=\"Kugler Bimetal SA\" \/>\n<meta property=\"article:modified_time\" content=\"2025-10-28T10:42:58+00:00\" \/>\n<meta name=\"twitter:card\" content=\"summary_large_image\" \/>\n<meta name=\"twitter:label1\" content=\"Dur\u00e9e de lecture estim\u00e9e\" \/>\n\t<meta name=\"twitter:data1\" content=\"1 minute\" \/>\n<script type=\"application\/ld+json\" class=\"yoast-schema-graph\">{\"@context\":\"https:\\\/\\\/schema.org\",\"@graph\":[{\"@type\":\"WebPage\",\"@id\":\"https:\\\/\\\/kuglerbimetal.ch\\\/fr\\\/actualites\\\/\",\"url\":\"https:\\\/\\\/kuglerbimetal.ch\\\/fr\\\/actualites\\\/\",\"name\":\"Actualit\u00e9s et articles de notre \u00e9quipe | Kugler Bimetal\",\"isPartOf\":{\"@id\":\"https:\\\/\\\/kuglerbimetal.ch\\\/fr\\\/#website\"},\"datePublished\":\"2025-02-04T13:02:54+00:00\",\"dateModified\":\"2025-10-28T10:42:58+00:00\",\"description\":\"Restez inform\u00e9 des d\u00e9veloppements actuels et futurs.Actualit\u00e9s de l\u2019entreprise, prochains salons professionnels, nouvelles technologies et \u00e9v\u00e9nements auxquels nous serons pr\u00e9sents.\",\"breadcrumb\":{\"@id\":\"https:\\\/\\\/kuglerbimetal.ch\\\/fr\\\/actualites\\\/#breadcrumb\"},\"inLanguage\":\"fr-FR\",\"potentialAction\":[{\"@type\":\"ReadAction\",\"target\":[\"https:\\\/\\\/kuglerbimetal.ch\\\/fr\\\/actualites\\\/\"]}]},{\"@type\":\"BreadcrumbList\",\"@id\":\"https:\\\/\\\/kuglerbimetal.ch\\\/fr\\\/actualites\\\/#breadcrumb\",\"itemListElement\":[{\"@type\":\"ListItem\",\"position\":1,\"name\":\"Accueil\",\"item\":\"https:\\\/\\\/kuglerbimetal.ch\\\/fr\\\/accueil\\\/\"},{\"@type\":\"ListItem\",\"position\":2,\"name\":\"Aktuelles\"}]},{\"@type\":\"WebSite\",\"@id\":\"https:\\\/\\\/kuglerbimetal.ch\\\/fr\\\/#website\",\"url\":\"https:\\\/\\\/kuglerbimetal.ch\\\/fr\\\/\",\"name\":\"Kugler Bimetal SA\",\"description\":\"New generation antifriction coatings\",\"publisher\":{\"@id\":\"https:\\\/\\\/kuglerbimetal.ch\\\/fr\\\/#organization\"},\"potentialAction\":[{\"@type\":\"SearchAction\",\"target\":{\"@type\":\"EntryPoint\",\"urlTemplate\":\"https:\\\/\\\/kuglerbimetal.ch\\\/fr\\\/?s={search_term_string}\"},\"query-input\":{\"@type\":\"PropertyValueSpecification\",\"valueRequired\":true,\"valueName\":\"search_term_string\"}}],\"inLanguage\":\"fr-FR\"},{\"@type\":\"Organization\",\"@id\":\"https:\\\/\\\/kuglerbimetal.ch\\\/fr\\\/#organization\",\"name\":\"Kugler Bimetal SA\",\"url\":\"https:\\\/\\\/kuglerbimetal.ch\\\/fr\\\/\",\"logo\":{\"@type\":\"ImageObject\",\"inLanguage\":\"fr-FR\",\"@id\":\"https:\\\/\\\/kuglerbimetal.ch\\\/fr\\\/#\\\/schema\\\/logo\\\/image\\\/\",\"url\":\"https:\\\/\\\/kuglerbimetal.ch\\\/wp-content\\\/uploads\\\/2025\\\/01\\\/logo.jpg\",\"contentUrl\":\"https:\\\/\\\/kuglerbimetal.ch\\\/wp-content\\\/uploads\\\/2025\\\/01\\\/logo.jpg\",\"width\":311,\"height\":82,\"caption\":\"Kugler Bimetal SA\"},\"image\":{\"@id\":\"https:\\\/\\\/kuglerbimetal.ch\\\/fr\\\/#\\\/schema\\\/logo\\\/image\\\/\"},\"sameAs\":[\"https:\\\/\\\/www.linkedin.com\\\/company\\\/kugler-bimetal-sa\\\/posts\\\/?feedView=all&viewAsMember=true\",\"https:\\\/\\\/www.youtube.com\\\/channel\\\/UCDhbWW3iEuq7UeEU_DBaaJw\"]}]}<\/script>\n<!-- \/ Yoast SEO plugin. -->","yoast_head_json":{"title":"Actualit\u00e9s et articles de notre \u00e9quipe | Kugler Bimetal","description":"Restez inform\u00e9 des d\u00e9veloppements actuels et futurs.Actualit\u00e9s de l\u2019entreprise, prochains salons professionnels, nouvelles technologies et \u00e9v\u00e9nements auxquels nous serons pr\u00e9sents.","robots":{"index":"index","follow":"follow","max-snippet":"max-snippet:-1","max-image-preview":"max-image-preview:large","max-video-preview":"max-video-preview:-1"},"canonical":"https:\/\/kuglerbimetal.ch\/fr\/actualites\/","og_locale":"fr_FR","og_type":"article","og_title":"Actualit\u00e9s et articles de notre \u00e9quipe | Kugler Bimetal","og_description":"Restez inform\u00e9 des d\u00e9veloppements actuels et futurs.Actualit\u00e9s de l\u2019entreprise, prochains salons professionnels, nouvelles technologies et \u00e9v\u00e9nements auxquels nous serons pr\u00e9sents.","og_url":"https:\/\/kuglerbimetal.ch\/fr\/actualites\/","og_site_name":"Kugler Bimetal SA","article_modified_time":"2025-10-28T10:42:58+00:00","twitter_card":"summary_large_image","twitter_misc":{"Dur\u00e9e de lecture estim\u00e9e":"1 minute"},"schema":{"@context":"https:\/\/schema.org","@graph":[{"@type":"WebPage","@id":"https:\/\/kuglerbimetal.ch\/fr\/actualites\/","url":"https:\/\/kuglerbimetal.ch\/fr\/actualites\/","name":"Actualit\u00e9s et articles de notre \u00e9quipe | Kugler Bimetal","isPartOf":{"@id":"https:\/\/kuglerbimetal.ch\/fr\/#website"},"datePublished":"2025-02-04T13:02:54+00:00","dateModified":"2025-10-28T10:42:58+00:00","description":"Restez inform\u00e9 des d\u00e9veloppements actuels et futurs.Actualit\u00e9s de l\u2019entreprise, prochains salons professionnels, nouvelles technologies et \u00e9v\u00e9nements auxquels nous serons pr\u00e9sents.","breadcrumb":{"@id":"https:\/\/kuglerbimetal.ch\/fr\/actualites\/#breadcrumb"},"inLanguage":"fr-FR","potentialAction":[{"@type":"ReadAction","target":["https:\/\/kuglerbimetal.ch\/fr\/actualites\/"]}]},{"@type":"BreadcrumbList","@id":"https:\/\/kuglerbimetal.ch\/fr\/actualites\/#breadcrumb","itemListElement":[{"@type":"ListItem","position":1,"name":"Accueil","item":"https:\/\/kuglerbimetal.ch\/fr\/accueil\/"},{"@type":"ListItem","position":2,"name":"Aktuelles"}]},{"@type":"WebSite","@id":"https:\/\/kuglerbimetal.ch\/fr\/#website","url":"https:\/\/kuglerbimetal.ch\/fr\/","name":"Kugler Bimetal SA","description":"New generation antifriction coatings","publisher":{"@id":"https:\/\/kuglerbimetal.ch\/fr\/#organization"},"potentialAction":[{"@type":"SearchAction","target":{"@type":"EntryPoint","urlTemplate":"https:\/\/kuglerbimetal.ch\/fr\/?s={search_term_string}"},"query-input":{"@type":"PropertyValueSpecification","valueRequired":true,"valueName":"search_term_string"}}],"inLanguage":"fr-FR"},{"@type":"Organization","@id":"https:\/\/kuglerbimetal.ch\/fr\/#organization","name":"Kugler Bimetal SA","url":"https:\/\/kuglerbimetal.ch\/fr\/","logo":{"@type":"ImageObject","inLanguage":"fr-FR","@id":"https:\/\/kuglerbimetal.ch\/fr\/#\/schema\/logo\/image\/","url":"https:\/\/kuglerbimetal.ch\/wp-content\/uploads\/2025\/01\/logo.jpg","contentUrl":"https:\/\/kuglerbimetal.ch\/wp-content\/uploads\/2025\/01\/logo.jpg","width":311,"height":82,"caption":"Kugler Bimetal SA"},"image":{"@id":"https:\/\/kuglerbimetal.ch\/fr\/#\/schema\/logo\/image\/"},"sameAs":["https:\/\/www.linkedin.com\/company\/kugler-bimetal-sa\/posts\/?feedView=all&viewAsMember=true","https:\/\/www.youtube.com\/channel\/UCDhbWW3iEuq7UeEU_DBaaJw"]}]}},"_links":{"self":[{"href":"https:\/\/kuglerbimetal.ch\/fr\/wp-json\/wp\/v2\/pages\/25835549","targetHints":{"allow":["GET"]}}],"collection":[{"href":"https:\/\/kuglerbimetal.ch\/fr\/wp-json\/wp\/v2\/pages"}],"about":[{"href":"https:\/\/kuglerbimetal.ch\/fr\/wp-json\/wp\/v2\/types\/page"}],"author":[{"embeddable":true,"href":"https:\/\/kuglerbimetal.ch\/fr\/wp-json\/wp\/v2\/users\/1"}],"replies":[{"embeddable":true,"href":"https:\/\/kuglerbimetal.ch\/fr\/wp-json\/wp\/v2\/comments?post=25835549"}],"version-history":[{"count":11,"href":"https:\/\/kuglerbimetal.ch\/fr\/wp-json\/wp\/v2\/pages\/25835549\/revisions"}],"predecessor-version":[{"id":25835767,"href":"https:\/\/kuglerbimetal.ch\/fr\/wp-json\/wp\/v2\/pages\/25835549\/revisions\/25835767"}],"wp:attachment":[{"href":"https:\/\/kuglerbimetal.ch\/fr\/wp-json\/wp\/v2\/media?parent=25835549"}],"wp:term":[{"taxonomy":"dipi_cpt_category","embeddable":true,"href":"https:\/\/kuglerbimetal.ch\/fr\/wp-json\/wp\/v2\/dipi_cpt_category?post=25835549"}],"curies":[{"name":"wp","href":"https:\/\/api.w.org\/{rel}","templated":true}]}}