{"id":25835565,"date":"2025-02-19T10:27:43","date_gmt":"2025-02-19T10:27:43","guid":{"rendered":"https:\/\/kuglerbimetal.ch\/technologie-bronze-tokat\/"},"modified":"2025-10-14T14:22:19","modified_gmt":"2025-10-14T14:22:19","slug":"technologie-bronze-tokat","status":"publish","type":"page","link":"https:\/\/kuglerbimetal.ch\/fr\/technologie-bronze-tokat\/","title":{"rendered":"Technologie \u2013 Bronze Tokat\u00ae"},"content":{"rendered":"\n[et_pb_section fb_built=\u00a0\u00bb1&Prime; _builder_version=\u00a0\u00bb4.27.4&Prime; _module_preset=\u00a0\u00bbdefault\u00a0\u00bb global_colors_info=\u00a0\u00bb{}\u00a0\u00bb][et_pb_row _builder_version=\u00a0\u00bb4.27.4&Prime; _module_preset=\u00a0\u00bbdefault\u00a0\u00bb global_colors_info=\u00a0\u00bb{}\u00a0\u00bb][et_pb_column type=\u00a0\u00bb4_4&Prime; _builder_version=\u00a0\u00bb4.27.4&Prime; _module_preset=\u00a0\u00bbdefault\u00a0\u00bb global_colors_info=\u00a0\u00bb{}\u00a0\u00bb][et_pb_text _builder_version=\u00a0\u00bb4.27.4&Prime; _module_preset=\u00a0\u00bbdefault\u00a0\u00bb global_colors_info=\u00a0\u00bb{}\u00a0\u00bb]<h1>Technologie bim\u00e9tallique : robustesse et performance avec le bronze Tokat\u00ae<\/h1>[\/et_pb_text][\/et_pb_column][\/et_pb_row][et_pb_row module_class=\u00a0\u00bbrow_bg_image\u00a0\u00bb _builder_version=\u00a0\u00bb4.27.4&Prime; _module_preset=\u00a0\u00bbdefault\u00a0\u00bb background_image=\u00a0\u00bbhttps:\/\/kuglerbimetal.ch\/wp-content\/uploads\/2025\/03\/KUG-technology-principles-and-advantages.webp\u00a0\u00bb custom_margin=\u00a0\u00bb||||false|false\u00a0\u00bb custom_padding=\u00a0\u00bb||||true|false\u00a0\u00bb locked=\u00a0\u00bboff\u00a0\u00bb global_colors_info=\u00a0\u00bb{}\u00a0\u00bb][et_pb_column type=\u00a0\u00bb4_4&Prime; _builder_version=\u00a0\u00bb4.27.4&Prime; _module_preset=\u00a0\u00bbdefault\u00a0\u00bb global_colors_info=\u00a0\u00bb{}\u00a0\u00bb][\/et_pb_column][\/et_pb_row][et_pb_row column_structure=\u00a0\u00bb3_5,2_5&Prime; _builder_version=\u00a0\u00bb4.27.4&Prime; _module_preset=\u00a0\u00bbdefault\u00a0\u00bb global_colors_info=\u00a0\u00bb{}\u00a0\u00bb][et_pb_column type=\u00a0\u00bb3_5&Prime; _builder_version=\u00a0\u00bb4.27.4&Prime; _module_preset=\u00a0\u00bbdefault\u00a0\u00bb global_colors_info=\u00a0\u00bb{}\u00a0\u00bb][et_pb_text module_class=\u00a0\u00bbchapeau text-bold\u00a0\u00bb _builder_version=\u00a0\u00bb4.27.4&Prime; _module_preset=\u00a0\u00bbdefault\u00a0\u00bb global_colors_info=\u00a0\u00bb{}\u00a0\u00bb]<p><strong>Chez Kugler Bimetal, nous ma\u00eetrisons un proc\u00e9d\u00e9 de coulage avanc\u00e9 qui permet de fondre et de couler le bronze Tokat\u00ae directement sur un substrat m\u00e9tallique. Cette technologie cr\u00e9e une liaison m\u00e9tallurgique parfaite entre les deux mat\u00e9riaux, assurant robustesse, fiabilit\u00e9 et long\u00e9vit\u00e9 \u00e0 l\u2019ensemble de nos solutions bim\u00e9talliques. <\/strong><\/p>[\/et_pb_text][\/et_pb_column][et_pb_column type=\u00a0\u00bb2_5&Prime; _builder_version=\u00a0\u00bb4.27.4&Prime; _module_preset=\u00a0\u00bbdefault\u00a0\u00bb background_color=\u00a0\u00bb#000000&Prime; custom_padding=\u00a0\u00bb2rem|2rem|2rem|2rem|true|true\u00a0\u00bb border_radii=\u00a0\u00bbon|5px|5px|5px|5px\u00a0\u00bb global_colors_info=\u00a0\u00bb{}\u00a0\u00bb][et_pb_text _builder_version=\u00a0\u00bb4.27.4&Prime; _module_preset=\u00a0\u00bbdefault\u00a0\u00bb global_colors_info=\u00a0\u00bb{}\u00a0\u00bb]<p><span style=\"color: #ffffff;\"><strong>Lancez votre projet avec Kugler Bimetal<\/strong><\/span><\/p>\n<p><span style=\"color: #ffffff;\">Une question ou un projet \u00e0 concr\u00e9tiser ?<\/span><\/p>[\/et_pb_text][et_pb_button button_url=\u00a0\u00bb@ET-DC@eyJkeW5hbWljIjp0cnVlLCJjb250ZW50IjoicG9zdF9saW5rX3VybF9wYWdlIiwic2V0dGluZ3MiOnsicG9zdF9pZCI6IjI1ODMzODE3In19@\u00a0\u00bb button_text=\u00a0\u00bbContactez notre \u00e9quipe\u00a0\u00bb admin_label=\u00a0\u00bbContact our team\u00a0\u00bb module_class=\u00a0\u00bbbtn-primary\u00a0\u00bb _builder_version=\u00a0\u00bb4.27.4&Prime; _dynamic_attributes=\u00a0\u00bbbutton_url\u00a0\u00bb _module_preset=\u00a0\u00bbdefault\u00a0\u00bb global_colors_info=\u00a0\u00bb{}\u00a0\u00bb][\/et_pb_button][\/et_pb_column][\/et_pb_row][\/et_pb_section][et_pb_section fb_built=\u00a0\u00bb1&Prime; _builder_version=\u00a0\u00bb4.27.4&Prime; _module_preset=\u00a0\u00bbdefault\u00a0\u00bb global_colors_info=\u00a0\u00bb{}\u00a0\u00bb][et_pb_row column_structure=\u00a0\u00bb3_5,2_5&Prime; module_class=\u00a0\u00bbrow_flex content-center text-boxe reverse-columns-mobile\u00a0\u00bb _builder_version=\u00a0\u00bb4.27.4&Prime; _module_preset=\u00a0\u00bbdefault\u00a0\u00bb custom_margin=\u00a0\u00bb||3rem||false|false\u00a0\u00bb global_colors_info=\u00a0\u00bb{}\u00a0\u00bb][et_pb_column type=\u00a0\u00bb3_5&Prime; _builder_version=\u00a0\u00bb4.27.4&Prime; _module_preset=\u00a0\u00bbdefault\u00a0\u00bb global_colors_info=\u00a0\u00bb{}\u00a0\u00bb][et_pb_text module_class=\u00a0\u00bbtext-lenght-medium\u00a0\u00bb _builder_version=\u00a0\u00bb4.27.4&Prime; _module_preset=\u00a0\u00bbdefault\u00a0\u00bb custom_margin=\u00a0\u00bb|5%|||false|false\u00a0\u00bb custom_padding=\u00a0\u00bb|0px||||\u00a0\u00bb global_colors_info=\u00a0\u00bb{}\u00a0\u00bb]<h2><strong>Synergie entre r\u00e9sistance et durabilit\u00e9<\/strong><\/h2>\n<p>Le principal avantage de notre approche r\u00e9side dans la combinaison des propri\u00e9t\u00e9s m\u00e9caniques de l\u2019acier avec les caract\u00e9ristiques sp\u00e9cifiques des alliages de bronze utilis\u00e9s, telles que la r\u00e9sistance \u00e0 l\u2019usure, \u00e0 la corrosion et aux hautes temp\u00e9ratures. Cette synergie nous permet de proposer des solutions sur mesure, adapt\u00e9es aux exigences les plus pointues de chaque application. <\/p>[\/et_pb_text][\/et_pb_column][et_pb_column type=\u00a0\u00bb2_5&Prime; _builder_version=\u00a0\u00bb4.27.4&Prime; _module_preset=\u00a0\u00bbdefault\u00a0\u00bb global_colors_info=\u00a0\u00bb{}\u00a0\u00bb][\/et_pb_column][\/et_pb_row][et_pb_row column_structure=\u00a0\u00bb1_2,1_2&Prime; module_class=\u00a0\u00bbrow_flex content-center text-boxe\u00a0\u00bb _builder_version=\u00a0\u00bb4.27.4&Prime; _module_preset=\u00a0\u00bbdefault\u00a0\u00bb vertical_offset=\u00a0\u00bb0px\u00a0\u00bb custom_css_free_form=\u00a0\u00bb@media (max-width: 979px) {||    .reverse-columns-mobile {||        display: flex;||        flex-direction: column-reverse;||    }||}||\u00a0\u00bb global_colors_info=\u00a0\u00bb{}\u00a0\u00bb][et_pb_column type=\u00a0\u00bb1_2&Prime; _builder_version=\u00a0\u00bb4.27.4&Prime; _module_preset=\u00a0\u00bbdefault\u00a0\u00bb global_colors_info=\u00a0\u00bb{}\u00a0\u00bb][et_pb_text _builder_version=\u00a0\u00bb4.27.4&Prime; _module_preset=\u00a0\u00bbdefault\u00a0\u00bb hover_enabled=\u00a0\u00bb0&Prime; global_colors_info=\u00a0\u00bb{}\u00a0\u00bb sticky_enabled=\u00a0\u00bb0&Prime;]<h2>Caract\u00e9ristiques des alliages<\/h2>\n<p>Tokat\u00ae est une technologie brevet\u00e9e d\u00e9velopp\u00e9e par Kugler Bimetal qui permet une liaison bim\u00e9tallique durable sans l\u2019utilisation d\u2019adh\u00e9sifs ni de fixations m\u00e9caniques. Cette innovation repose sur une fusion m\u00e9tallurgique directe, offrant une excellente r\u00e9sistance \u00e0 l\u2019usure, \u00e0 la chaleur et aux fortes contraintes m\u00e9caniques. Tokat\u00ae r\u00e9duit significativement le coefficient de frottement par rapport aux alliages traditionnels, am\u00e9liorant ainsi l\u2019efficacit\u00e9 des syst\u00e8mes et prolongeant la dur\u00e9e de vie des composants. Il pr\u00e9sente des performances techniques \u00e9lev\u00e9es, notamment gr\u00e2ce \u00e0 sa capacit\u00e9 \u00e0 fonctionner dans des conditions extr\u00eames, \u00e0 maintenir une stabilit\u00e9 m\u00e9canique durable, et \u00e0 supporter des charges importantes tout en garantissant une fiabilit\u00e9 optimale des \u00e9quipements.<br>Tokat\u00ae est un alliage de bronze haute performance, sp\u00e9cifiquement optimis\u00e9 pour les applications les plus exigeantes.    <\/p>[\/et_pb_text][\/et_pb_column][et_pb_column type=\u00a0\u00bb1_2&Prime; _builder_version=\u00a0\u00bb4.27.4&Prime; _module_preset=\u00a0\u00bbdefault\u00a0\u00bb global_colors_info=\u00a0\u00bb{}\u00a0\u00bb][et_pb_image src=\u00a0\u00bbhttps:\/\/kuglerbimetal.ch\/wp-content\/uploads\/2025\/04\/Tokat-Alloys-250723.webp\u00a0\u00bb title_text=\u00a0\u00bbTokat-Alliages-250723&Prime; show_bottom_space_tablet=\u00a0\u00bboff\u00a0\u00bb show_bottom_space_phone=\u00a0\u00bboff\u00a0\u00bb show_bottom_space_last_edited=\u00a0\u00bbon|tablet\u00a0\u00bb _builder_version=\u00a0\u00bb4.27.4&Prime; _module_preset=\u00a0\u00bbdefault\u00a0\u00bb custom_margin=\u00a0\u00bb||2rem||false|false\u00a0\u00bb border_radii=\u00a0\u00bbon|5px|5px|5px|5px\u00a0\u00bb global_colors_info=\u00a0\u00bb{}\u00a0\u00bb][\/et_pb_image][\/et_pb_column][\/et_pb_row][\/et_pb_section]\n","protected":false},"excerpt":{"rendered":"<p>Technologie bim\u00e9tallique : robustesse et performance avec le bronze Tokat\u00aeChez Kugler Bimetal, nous ma\u00eetrisons un proc\u00e9d\u00e9 de coulage avanc\u00e9 qui permet de fondre et de couler le bronze Tokat\u00ae directement sur un substrat m\u00e9tallique. Cette technologie cr\u00e9e une liaison m\u00e9tallurgique parfaite entre les deux mat\u00e9riaux, assurant robustesse, fiabilit\u00e9 et long\u00e9vit\u00e9 \u00e0 l\u2019ensemble de nos solutions [&hellip;]<\/p>\n","protected":false},"author":1,"featured_media":0,"parent":0,"menu_order":0,"comment_status":"closed","ping_status":"closed","template":"","meta":{"_et_pb_use_builder":"on","_et_pb_old_content":"","_et_gb_content_width":"","footnotes":""},"dipi_cpt_category":[],"class_list":["post-25835565","page","type-page","status-publish","hentry"],"yoast_head":"<!-- This site is optimized with the Yoast SEO plugin v26.7 - https:\/\/yoast.com\/wordpress\/plugins\/seo\/ -->\n<title>Alliage de bronze Tokat\u00ae | Kugler Bimetal<\/title>\n<meta name=\"description\" content=\"Une vaste gamme d\u2019alliages de bronze Tokat\u00ae capables de r\u00e9pondre \u00e0 pratiquement toutes les applications de paliers.Des mat\u00e9riaux plus tendres, offrant d\u2019excellentes performances \u00e0 sec, aux alliages plus durs, extr\u00eamement r\u00e9sistants \u00e0 la fatigue, \u00e0 la cavitation et \u00e0 l\u2019\u00e9rosion.\" \/>\n<meta name=\"robots\" content=\"index, follow, max-snippet:-1, max-image-preview:large, max-video-preview:-1\" \/>\n<link rel=\"canonical\" href=\"https:\/\/kuglerbimetal.ch\/fr\/technologie-bronze-tokat\/\" \/>\n<meta property=\"og:locale\" content=\"fr_FR\" \/>\n<meta property=\"og:type\" content=\"article\" \/>\n<meta property=\"og:title\" content=\"Alliage de bronze Tokat\u00ae | Kugler Bimetal\" \/>\n<meta property=\"og:description\" content=\"Une vaste gamme d\u2019alliages de bronze Tokat\u00ae capables de r\u00e9pondre \u00e0 pratiquement toutes les applications de paliers.Des mat\u00e9riaux plus tendres, offrant d\u2019excellentes performances \u00e0 sec, aux alliages plus durs, extr\u00eamement r\u00e9sistants \u00e0 la fatigue, \u00e0 la cavitation et \u00e0 l\u2019\u00e9rosion.\" \/>\n<meta property=\"og:url\" content=\"https:\/\/kuglerbimetal.ch\/fr\/technologie-bronze-tokat\/\" \/>\n<meta property=\"og:site_name\" content=\"Kugler Bimetal SA\" \/>\n<meta property=\"article:modified_time\" content=\"2025-10-14T14:22:19+00:00\" \/>\n<meta name=\"twitter:card\" content=\"summary_large_image\" \/>\n<meta name=\"twitter:label1\" content=\"Dur\u00e9e de lecture estim\u00e9e\" \/>\n\t<meta name=\"twitter:data1\" content=\"4 minutes\" \/>\n<script type=\"application\/ld+json\" class=\"yoast-schema-graph\">{\"@context\":\"https:\/\/schema.org\",\"@graph\":[{\"@type\":\"WebPage\",\"@id\":\"https:\/\/kuglerbimetal.ch\/fr\/technologie-bronze-tokat\/\",\"url\":\"https:\/\/kuglerbimetal.ch\/fr\/technologie-bronze-tokat\/\",\"name\":\"Alliage de bronze Tokat\u00ae | Kugler Bimetal\",\"isPartOf\":{\"@id\":\"https:\/\/kuglerbimetal.ch\/fr\/#website\"},\"datePublished\":\"2025-02-19T10:27:43+00:00\",\"dateModified\":\"2025-10-14T14:22:19+00:00\",\"description\":\"Une vaste gamme d\u2019alliages de bronze Tokat\u00ae capables de r\u00e9pondre \u00e0 pratiquement toutes les applications de paliers.Des mat\u00e9riaux plus tendres, offrant d\u2019excellentes performances \u00e0 sec, aux alliages plus durs, extr\u00eamement r\u00e9sistants \u00e0 la fatigue, \u00e0 la cavitation et \u00e0 l\u2019\u00e9rosion.\",\"breadcrumb\":{\"@id\":\"https:\/\/kuglerbimetal.ch\/fr\/technologie-bronze-tokat\/#breadcrumb\"},\"inLanguage\":\"fr-FR\",\"potentialAction\":[{\"@type\":\"ReadAction\",\"target\":[\"https:\/\/kuglerbimetal.ch\/fr\/technologie-bronze-tokat\/\"]}]},{\"@type\":\"BreadcrumbList\",\"@id\":\"https:\/\/kuglerbimetal.ch\/fr\/technologie-bronze-tokat\/#breadcrumb\",\"itemListElement\":[{\"@type\":\"ListItem\",\"position\":1,\"name\":\"Accueil\",\"item\":\"https:\/\/kuglerbimetal.ch\/fr\/accueil\/\"},{\"@type\":\"ListItem\",\"position\":2,\"name\":\"Technologie \u2013 Bronze Tokat\u00ae\"}]},{\"@type\":\"WebSite\",\"@id\":\"https:\/\/kuglerbimetal.ch\/fr\/#website\",\"url\":\"https:\/\/kuglerbimetal.ch\/fr\/\",\"name\":\"Kugler Bimetal SA\",\"description\":\"New generation antifriction coatings\",\"publisher\":{\"@id\":\"https:\/\/kuglerbimetal.ch\/fr\/#organization\"},\"potentialAction\":[{\"@type\":\"SearchAction\",\"target\":{\"@type\":\"EntryPoint\",\"urlTemplate\":\"https:\/\/kuglerbimetal.ch\/fr\/?s={search_term_string}\"},\"query-input\":{\"@type\":\"PropertyValueSpecification\",\"valueRequired\":true,\"valueName\":\"search_term_string\"}}],\"inLanguage\":\"fr-FR\"},{\"@type\":\"Organization\",\"@id\":\"https:\/\/kuglerbimetal.ch\/fr\/#organization\",\"name\":\"Kugler Bimetal SA\",\"url\":\"https:\/\/kuglerbimetal.ch\/fr\/\",\"logo\":{\"@type\":\"ImageObject\",\"inLanguage\":\"fr-FR\",\"@id\":\"https:\/\/kuglerbimetal.ch\/fr\/#\/schema\/logo\/image\/\",\"url\":\"https:\/\/kuglerbimetal.ch\/wp-content\/uploads\/2025\/01\/logo.jpg\",\"contentUrl\":\"https:\/\/kuglerbimetal.ch\/wp-content\/uploads\/2025\/01\/logo.jpg\",\"width\":311,\"height\":82,\"caption\":\"Kugler Bimetal SA\"},\"image\":{\"@id\":\"https:\/\/kuglerbimetal.ch\/fr\/#\/schema\/logo\/image\/\"},\"sameAs\":[\"https:\/\/www.linkedin.com\/company\/kugler-bimetal-sa\/posts\/?feedView=all&viewAsMember=true\",\"https:\/\/www.youtube.com\/channel\/UCDhbWW3iEuq7UeEU_DBaaJw\"]}]}<\/script>\n<!-- \/ Yoast SEO plugin. -->","yoast_head_json":{"title":"Alliage de bronze Tokat\u00ae | Kugler Bimetal","description":"Une vaste gamme d\u2019alliages de bronze Tokat\u00ae capables de r\u00e9pondre \u00e0 pratiquement toutes les applications de paliers.Des mat\u00e9riaux plus tendres, offrant d\u2019excellentes performances \u00e0 sec, aux alliages plus durs, extr\u00eamement r\u00e9sistants \u00e0 la fatigue, \u00e0 la cavitation et \u00e0 l\u2019\u00e9rosion.","robots":{"index":"index","follow":"follow","max-snippet":"max-snippet:-1","max-image-preview":"max-image-preview:large","max-video-preview":"max-video-preview:-1"},"canonical":"https:\/\/kuglerbimetal.ch\/fr\/technologie-bronze-tokat\/","og_locale":"fr_FR","og_type":"article","og_title":"Alliage de bronze Tokat\u00ae | Kugler Bimetal","og_description":"Une vaste gamme d\u2019alliages de bronze Tokat\u00ae capables de r\u00e9pondre \u00e0 pratiquement toutes les applications de paliers.Des mat\u00e9riaux plus tendres, offrant d\u2019excellentes performances \u00e0 sec, aux alliages plus durs, extr\u00eamement r\u00e9sistants \u00e0 la fatigue, \u00e0 la cavitation et \u00e0 l\u2019\u00e9rosion.","og_url":"https:\/\/kuglerbimetal.ch\/fr\/technologie-bronze-tokat\/","og_site_name":"Kugler Bimetal SA","article_modified_time":"2025-10-14T14:22:19+00:00","twitter_card":"summary_large_image","twitter_misc":{"Dur\u00e9e de lecture estim\u00e9e":"4 minutes"},"schema":{"@context":"https:\/\/schema.org","@graph":[{"@type":"WebPage","@id":"https:\/\/kuglerbimetal.ch\/fr\/technologie-bronze-tokat\/","url":"https:\/\/kuglerbimetal.ch\/fr\/technologie-bronze-tokat\/","name":"Alliage de bronze Tokat\u00ae | Kugler Bimetal","isPartOf":{"@id":"https:\/\/kuglerbimetal.ch\/fr\/#website"},"datePublished":"2025-02-19T10:27:43+00:00","dateModified":"2025-10-14T14:22:19+00:00","description":"Une vaste gamme d\u2019alliages de bronze Tokat\u00ae capables de r\u00e9pondre \u00e0 pratiquement toutes les applications de paliers.Des mat\u00e9riaux plus tendres, offrant d\u2019excellentes performances \u00e0 sec, aux alliages plus durs, extr\u00eamement r\u00e9sistants \u00e0 la fatigue, \u00e0 la cavitation et \u00e0 l\u2019\u00e9rosion.","breadcrumb":{"@id":"https:\/\/kuglerbimetal.ch\/fr\/technologie-bronze-tokat\/#breadcrumb"},"inLanguage":"fr-FR","potentialAction":[{"@type":"ReadAction","target":["https:\/\/kuglerbimetal.ch\/fr\/technologie-bronze-tokat\/"]}]},{"@type":"BreadcrumbList","@id":"https:\/\/kuglerbimetal.ch\/fr\/technologie-bronze-tokat\/#breadcrumb","itemListElement":[{"@type":"ListItem","position":1,"name":"Accueil","item":"https:\/\/kuglerbimetal.ch\/fr\/accueil\/"},{"@type":"ListItem","position":2,"name":"Technologie \u2013 Bronze Tokat\u00ae"}]},{"@type":"WebSite","@id":"https:\/\/kuglerbimetal.ch\/fr\/#website","url":"https:\/\/kuglerbimetal.ch\/fr\/","name":"Kugler Bimetal SA","description":"New generation antifriction coatings","publisher":{"@id":"https:\/\/kuglerbimetal.ch\/fr\/#organization"},"potentialAction":[{"@type":"SearchAction","target":{"@type":"EntryPoint","urlTemplate":"https:\/\/kuglerbimetal.ch\/fr\/?s={search_term_string}"},"query-input":{"@type":"PropertyValueSpecification","valueRequired":true,"valueName":"search_term_string"}}],"inLanguage":"fr-FR"},{"@type":"Organization","@id":"https:\/\/kuglerbimetal.ch\/fr\/#organization","name":"Kugler Bimetal SA","url":"https:\/\/kuglerbimetal.ch\/fr\/","logo":{"@type":"ImageObject","inLanguage":"fr-FR","@id":"https:\/\/kuglerbimetal.ch\/fr\/#\/schema\/logo\/image\/","url":"https:\/\/kuglerbimetal.ch\/wp-content\/uploads\/2025\/01\/logo.jpg","contentUrl":"https:\/\/kuglerbimetal.ch\/wp-content\/uploads\/2025\/01\/logo.jpg","width":311,"height":82,"caption":"Kugler Bimetal SA"},"image":{"@id":"https:\/\/kuglerbimetal.ch\/fr\/#\/schema\/logo\/image\/"},"sameAs":["https:\/\/www.linkedin.com\/company\/kugler-bimetal-sa\/posts\/?feedView=all&viewAsMember=true","https:\/\/www.youtube.com\/channel\/UCDhbWW3iEuq7UeEU_DBaaJw"]}]}},"_links":{"self":[{"href":"https:\/\/kuglerbimetal.ch\/fr\/wp-json\/wp\/v2\/pages\/25835565","targetHints":{"allow":["GET"]}}],"collection":[{"href":"https:\/\/kuglerbimetal.ch\/fr\/wp-json\/wp\/v2\/pages"}],"about":[{"href":"https:\/\/kuglerbimetal.ch\/fr\/wp-json\/wp\/v2\/types\/page"}],"author":[{"embeddable":true,"href":"https:\/\/kuglerbimetal.ch\/fr\/wp-json\/wp\/v2\/users\/1"}],"replies":[{"embeddable":true,"href":"https:\/\/kuglerbimetal.ch\/fr\/wp-json\/wp\/v2\/comments?post=25835565"}],"version-history":[{"count":7,"href":"https:\/\/kuglerbimetal.ch\/fr\/wp-json\/wp\/v2\/pages\/25835565\/revisions"}],"predecessor-version":[{"id":25835628,"href":"https:\/\/kuglerbimetal.ch\/fr\/wp-json\/wp\/v2\/pages\/25835565\/revisions\/25835628"}],"wp:attachment":[{"href":"https:\/\/kuglerbimetal.ch\/fr\/wp-json\/wp\/v2\/media?parent=25835565"}],"wp:term":[{"taxonomy":"dipi_cpt_category","embeddable":true,"href":"https:\/\/kuglerbimetal.ch\/fr\/wp-json\/wp\/v2\/dipi_cpt_category?post=25835565"}],"curies":[{"name":"wp","href":"https:\/\/api.w.org\/{rel}","templated":true}]}}