{"id":25835571,"date":"2025-02-19T09:38:15","date_gmt":"2025-02-19T09:38:15","guid":{"rendered":"https:\/\/kuglerbimetal.ch\/rse\/"},"modified":"2025-10-14T15:20:37","modified_gmt":"2025-10-14T15:20:37","slug":"rse","status":"publish","type":"page","link":"https:\/\/kuglerbimetal.ch\/fr\/rse\/","title":{"rendered":"RSE"},"content":{"rendered":"\n[et_pb_section fb_built=\u00a0\u00bb1&Prime; _builder_version=\u00a0\u00bb4.27.4&Prime; _module_preset=\u00a0\u00bbdefault\u00a0\u00bb global_colors_info=\u00a0\u00bb{}\u00a0\u00bb][et_pb_row _builder_version=\u00a0\u00bb4.27.4&Prime; _module_preset=\u00a0\u00bbdefault\u00a0\u00bb global_colors_info=\u00a0\u00bb{}\u00a0\u00bb][et_pb_column type=\u00a0\u00bb4_4&Prime; _builder_version=\u00a0\u00bb4.27.4&Prime; _module_preset=\u00a0\u00bbdefault\u00a0\u00bb global_colors_info=\u00a0\u00bb{}\u00a0\u00bb][et_pb_text _builder_version=\u00a0\u00bb4.27.4&Prime; _module_preset=\u00a0\u00bbdefault\u00a0\u00bb locked=\u00a0\u00bboff\u00a0\u00bb global_colors_info=\u00a0\u00bb{}\u00a0\u00bb]<h1>Nos engagements pour un avenir durable<\/h1>[\/et_pb_text][\/et_pb_column][\/et_pb_row][\/et_pb_section][et_pb_section fb_built=\u00a0\u00bb1&Prime; _builder_version=\u00a0\u00bb4.27.4&Prime; _module_preset=\u00a0\u00bbdefault\u00a0\u00bb global_colors_info=\u00a0\u00bb{}\u00a0\u00bb][et_pb_row column_structure=\u00a0\u00bb1_2,1_2&Prime; module_class=\u00a0\u00bbrow_flex content-center text-boxe reverse-columns-mobile\u00a0\u00bb _builder_version=\u00a0\u00bb4.27.4&Prime; _module_preset=\u00a0\u00bbdefault\u00a0\u00bb custom_margin=\u00a0\u00bb||3rem||false|false\u00a0\u00bb global_colors_info=\u00a0\u00bb{}\u00a0\u00bb][et_pb_column type=\u00a0\u00bb1_2&Prime; _builder_version=\u00a0\u00bb4.27.4&Prime; _module_preset=\u00a0\u00bbdefault\u00a0\u00bb global_colors_info=\u00a0\u00bb{}\u00a0\u00bb][et_pb_text module_class=\u00a0\u00bbtext-lenght-medium\u00a0\u00bb _builder_version=\u00a0\u00bb4.27.4&Prime; _module_preset=\u00a0\u00bbdefault\u00a0\u00bb custom_margin=\u00a0\u00bb|25%|||false|false\u00a0\u00bb custom_padding=\u00a0\u00bb|0px||||\u00a0\u00bb global_colors_info=\u00a0\u00bb{}\u00a0\u00bb]<h2><strong>Gouvernance<\/strong><\/h2>\n<p>Gr\u00e2ce \u00e0 une \u00e9quipe de direction solide, soutenue par des actionnaires engag\u00e9s, Kugler Bimetal b\u00e9n\u00e9ficie d\u2019un leadership \u00e9quilibr\u00e9, lui permettant de r\u00e9pondre efficacement aux attentes de toutes les parties prenantes.<\/p>\n<p>Les chartes internes de l\u2019entreprise en mati\u00e8re d\u2019\u00e9thique, de qualit\u00e9, de sant\u00e9 et de s\u00e9curit\u00e9 garantissent le respect des droits humains, de l\u2019\u00e9galit\u00e9 des sexes et de l\u2019\u00e9quit\u00e9 dans l\u2019acc\u00e8s aux opportunit\u00e9s.<br>\n  <br>\n<\/p>\n<p>Compte tenu du caract\u00e8re unique de l\u2019environnement de travail chez Kugler, nous entretenons une relation \u00e9troite avec les autorit\u00e9s f\u00e9d\u00e9rales afin de garantir un cadre de travail s\u00fbr et adapt\u00e9, qui place la sant\u00e9 des employ\u00e9s au c\u0153ur de ses priorit\u00e9s.<\/p>[\/et_pb_text][\/et_pb_column][et_pb_column type=\u00a0\u00bb1_2&Prime; _builder_version=\u00a0\u00bb4.27.4&Prime; _module_preset=\u00a0\u00bbdefault\u00a0\u00bb global_colors_info=\u00a0\u00bb{}\u00a0\u00bb][et_pb_image src=\u00a0\u00bbhttps:\/\/kuglerbimetal.ch\/wp-content\/uploads\/2025\/02\/visuel-homepage.jpg\u00a0\u00bb title_text=\u00a0\u00bbvisuel d\u2019accueil -page d\u2019accueil\u00a0\u00bb show_bottom_space_tablet=\u00a0\u00bboff\u00a0\u00bb show_bottom_space_phone=\u00a0\u00bboff\u00a0\u00bb show_bottom_space_last_edited=\u00a0\u00bbon|tablet\u00a0\u00bb _builder_version=\u00a0\u00bb4.27.4&Prime; _module_preset=\u00a0\u00bbdefault\u00a0\u00bb custom_margin=\u00a0\u00bb||2rem||false|false\u00a0\u00bb border_radii=\u00a0\u00bbon|5px|5px|5px|5px\u00a0\u00bb global_colors_info=\u00a0\u00bb{}\u00a0\u00bb][\/et_pb_image][\/et_pb_column][\/et_pb_row][et_pb_row column_structure=\u00a0\u00bb1_2,1_2&Prime; module_class=\u00a0\u00bbrow_flex content-center text-boxe\u00a0\u00bb _builder_version=\u00a0\u00bb4.27.4&Prime; _module_preset=\u00a0\u00bbdefault\u00a0\u00bb vertical_offset=\u00a0\u00bb0px\u00a0\u00bb custom_css_free_form=\u00a0\u00bb@media (max-width: 979px) {||    .reverse-columns-mobile {||        display: flex;||        flex-direction: column-reverse;||    }||}||\u00a0\u00bb global_colors_info=\u00a0\u00bb{}\u00a0\u00bb][et_pb_column type=\u00a0\u00bb1_2&Prime; _builder_version=\u00a0\u00bb4.27.4&Prime; _module_preset=\u00a0\u00bbdefault\u00a0\u00bb global_colors_info=\u00a0\u00bb{}\u00a0\u00bb][et_pb_image src=\u00a0\u00bbhttps:\/\/kuglerbimetal.ch\/wp-content\/uploads\/2025\/02\/thisisengineering-vEoMKBdUIzs-unsplash-1024&#215;683.jpg\u00a0\u00bb title_text=\u00a0\u00bbthisisengineering-vEoMKBdUIzs-unsplash\u00a0\u00bb show_bottom_space_tablet=\u00a0\u00bboff\u00a0\u00bb show_bottom_space_phone=\u00a0\u00bboff\u00a0\u00bb show_bottom_space_last_edited=\u00a0\u00bbon|tablet\u00a0\u00bb _builder_version=\u00a0\u00bb4.27.4&Prime; _module_preset=\u00a0\u00bbdefault\u00a0\u00bb custom_margin=\u00a0\u00bb||2rem||false|false\u00a0\u00bb border_radii=\u00a0\u00bbon|5px|5px|5px|5px\u00a0\u00bb global_colors_info=\u00a0\u00bb{}\u00a0\u00bb][\/et_pb_image][\/et_pb_column][et_pb_column type=\u00a0\u00bb1_2&Prime; _builder_version=\u00a0\u00bb4.27.4&Prime; _module_preset=\u00a0\u00bbdefault\u00a0\u00bb global_colors_info=\u00a0\u00bb{}\u00a0\u00bb][et_pb_text module_class=\u00a0\u00bbtext-lenght-medium\u00a0\u00bb _builder_version=\u00a0\u00bb4.27.4&Prime; _module_preset=\u00a0\u00bbdefault\u00a0\u00bb custom_margin=\u00a0\u00bb|25%|||false|false\u00a0\u00bb global_colors_info=\u00a0\u00bb{}\u00a0\u00bb]<h2><strong>Sociale<\/strong><\/h2>\n<p><strong><u><\/u><\/strong>Nous investissons chaque ann\u00e9e dans le d\u00e9veloppement des comp\u00e9tences de nos \u00e9quipes afin de promouvoir l\u2019innovation, la s\u00e9curit\u00e9 et l\u2019excellence. Cet engagement se concr\u00e9tise \u00e0 travers de nombreuses formations internes, qui nous permettent de valoriser pleinement les connaissances et l\u2019expertise de chaque collaborateur.<br>Membre du r\u00e9seau B Lab Switzerland depuis juillet 2022 et certifi\u00e9 ECOVADIS depuis 2024, nous maintenons des standards \u00e9lev\u00e9s de performance sociale et environnementale. Ces certifications refl\u00e8tent notre volont\u00e9 de concilier performance \u00e9conomique et responsabilit\u00e9 sociale, tout en affirmant notre engagement en faveur de l\u2019\u00e9galit\u00e9 des chances, sans distinction d\u2019origine, de genre, de religion ou de tout autre crit\u00e8re discriminatoire.   <\/p>[\/et_pb_text][\/et_pb_column][\/et_pb_row][et_pb_row column_structure=\u00a0\u00bb1_2,1_2&Prime; module_class=\u00a0\u00bbrow_flex content-center text-boxe reverse-columns-mobile\u00a0\u00bb _builder_version=\u00a0\u00bb4.27.4&Prime; _module_preset=\u00a0\u00bbdefault\u00a0\u00bb custom_margin=\u00a0\u00bb||3rem||false|false\u00a0\u00bb global_colors_info=\u00a0\u00bb{}\u00a0\u00bb][et_pb_column type=\u00a0\u00bb1_2&Prime; _builder_version=\u00a0\u00bb4.27.4&Prime; _module_preset=\u00a0\u00bbdefault\u00a0\u00bb global_colors_info=\u00a0\u00bb{}\u00a0\u00bb][et_pb_text module_class=\u00a0\u00bbtext-lenght-medium\u00a0\u00bb _builder_version=\u00a0\u00bb4.27.4&Prime; _module_preset=\u00a0\u00bbdefault\u00a0\u00bb custom_margin=\u00a0\u00bb|25%|||false|false\u00a0\u00bb custom_padding=\u00a0\u00bb|0px||||\u00a0\u00bb global_colors_info=\u00a0\u00bb{}\u00a0\u00bb]<h2><strong>Environnement<\/strong><\/h2>\n<p>Nous avons mis en place un circuit complet de recyclage du bronze : 85 % des copeaux issus de la production sont tri\u00e9s, compact\u00e9s en \u00e9co-briques, puis raffin\u00e9s pour \u00eatre r\u00e9utilis\u00e9s dans notre fonderie. Ce processus interne de recyclage permet non seulement de r\u00e9duire nos co\u00fbts en mati\u00e8res premi\u00e8res, mais aussi de limiter l\u2019extraction des ressources naturelles en transformant les d\u00e9chets m\u00e9talliques en nouvelle ressources r\u00e9utilisables. De plus, cette approche permet une r\u00e9duction par 50 des \u00e9missions de CO\u2082 pour ce segment de mat\u00e9riaux, soit une \u00e9conomie de 5 000 TeqCO2 par an.  <\/p>\n<p>Depuis 2018, notre site de production est \u00e9quip\u00e9 de panneaux photovolta\u00efques couvrant 10 % de nos besoins en \u00e9lectricit\u00e9. Cette installation contribue \u00e0 diminuer nos co\u00fbts \u00e9nerg\u00e9tiques et \u00e0 \u00e9viter l\u2019\u00e9mission d\u2019environ 17 tonnes de CO\u2082 chaque ann\u00e9e. De plus, le remplacement de l\u2019\u00e9clairage par des LED a permis une \u00e9conomie annuelle de 112 MWh. Nous poursuivons nos efforts d\u2019optimisation \u00e9nerg\u00e9tique afin de r\u00e9duire toujours davantage notre empreinte carbone.  <\/p>\n<p>En 2024, nous avons \u00e9t\u00e9 nomin\u00e9s pour le prix Green Business Switzerland, une distinction nationale qui r\u00e9compense les entreprises alliant innovation \u00e9cologique et succ\u00e8s \u00e9conomique. Dans le cadre de notre engagement en faveur du d\u00e9veloppement durable, nous nous sommes fix\u00e9s l\u2019objectif ambitieux de r\u00e9duire nos \u00e9missions de gaz \u00e0 effet de serre (scopes 1 et 2) de 50 % d\u2019ici 2030, par rapport aux 713 tCO\u2082eq enregistr\u00e9es en 2021. <\/p>\n<p>&nbsp;<\/p>[\/et_pb_text][\/et_pb_column][et_pb_column type=\u00a0\u00bb1_2&Prime; _builder_version=\u00a0\u00bb4.27.4&Prime; _module_preset=\u00a0\u00bbdefault\u00a0\u00bb global_colors_info=\u00a0\u00bb{}\u00a0\u00bb][et_pb_image src=\u00a0\u00bbhttps:\/\/kuglerbimetal.ch\/wp-content\/uploads\/2025\/02\/visuel-homepage.jpg\u00a0\u00bb title_text=\u00a0\u00bbvisuel d\u2019accueil -page d\u2019accueil\u00a0\u00bb show_bottom_space_tablet=\u00a0\u00bboff\u00a0\u00bb show_bottom_space_phone=\u00a0\u00bboff\u00a0\u00bb show_bottom_space_last_edited=\u00a0\u00bbon|tablet\u00a0\u00bb _builder_version=\u00a0\u00bb4.27.4&Prime; _module_preset=\u00a0\u00bbdefault\u00a0\u00bb custom_margin=\u00a0\u00bb||2rem||false|false\u00a0\u00bb border_radii=\u00a0\u00bbon|5px|5px|5px|5px\u00a0\u00bb global_colors_info=\u00a0\u00bb{}\u00a0\u00bb][\/et_pb_image][\/et_pb_column][\/et_pb_row][\/et_pb_section][et_pb_section fb_built=\u00a0\u00bb1&Prime; _builder_version=\u00a0\u00bb4.27.4&Prime; _module_preset=\u00a0\u00bbdefault\u00a0\u00bb global_colors_info=\u00a0\u00bb{}\u00a0\u00bb][et_pb_row admin_label=\u00a0\u00bbCTA\u00a0\u00bb _builder_version=\u00a0\u00bb4.27.4&Prime; _module_preset=\u00a0\u00bbdefault\u00a0\u00bb custom_css_free_form=\u00a0\u00bb.et_pb_text_25 .et_pb_text_inner,||.et_pb_text_26 .et_pb_text_inner{||  display:flex;||  justify-content: center;||  justify-items: center;||}\u00a0\u00bb locked=\u00a0\u00bboff\u00a0\u00bb global_colors_info=\u00a0\u00bb{}\u00a0\u00bb][et_pb_column type=\u00a0\u00bb4_4&Prime; _builder_version=\u00a0\u00bb4.27.4&Prime; _module_preset=\u00a0\u00bbdefault\u00a0\u00bb global_colors_info=\u00a0\u00bb{}\u00a0\u00bb][et_pb_text _builder_version=\u00a0\u00bb4.27.4&Prime; _module_preset=\u00a0\u00bbdefault\u00a0\u00bb text_orientation=\u00a0\u00bbcenter\u00a0\u00bb module_alignment=\u00a0\u00bbcenter\u00a0\u00bb hover_enabled=\u00a0\u00bb0&Prime; global_colors_info=\u00a0\u00bb{}\u00a0\u00bb sticky_enabled=\u00a0\u00bb0&Prime;]<h2 style=\"text-align: center;\">D\u00e9couvrez notre technologie<\/h2>\n<p>Gr\u00e2ce \u00e0 une recherche et un d\u00e9veloppement continus, nous am\u00e9liorons nos technologies pour renforcer la performance, la r\u00e9sistance \u00e0 l\u2019usure et la stabilit\u00e9 thermique. En alliant ing\u00e9nierie avanc\u00e9e et mat\u00e9riaux de haute qualit\u00e9, nous proposons des solutions qui optimisent l\u2019efficacit\u00e9 et la durabilit\u00e9 dans des applications critiques. <\/p>[\/et_pb_text][et_pb_button button_url=\u00a0\u00bb@ET-DC@eyJkeW5hbWljIjp0cnVlLCJjb250ZW50IjoicG9zdF9saW5rX3VybF9wYWdlIiwic2V0dGluZ3MiOnsicG9zdF9pZCI6IjI1ODMzNzk2In19@\u00a0\u00bb button_text=\u00a0\u00bbExplorez notre technologie\u00a0\u00bb button_alignment=\u00a0\u00bbcenter\u00a0\u00bb _builder_version=\u00a0\u00bb4.27.4&Prime; _dynamic_attributes=\u00a0\u00bbbutton_url\u00a0\u00bb _module_preset=\u00a0\u00bbdefault\u00a0\u00bb global_colors_info=\u00a0\u00bb{}\u00a0\u00bb][\/et_pb_button][\/et_pb_column][\/et_pb_row][\/et_pb_section]\n","protected":false},"excerpt":{"rendered":"<p>Nos engagements pour un avenir durableGouvernance Gr\u00e2ce \u00e0 une \u00e9quipe de direction solide, soutenue par des actionnaires engag\u00e9s, Kugler Bimetal b\u00e9n\u00e9ficie d\u2019un leadership \u00e9quilibr\u00e9, lui permettant de r\u00e9pondre efficacement aux attentes de toutes les parties prenantes. Les chartes internes de l\u2019entreprise en mati\u00e8re d\u2019\u00e9thique, de qualit\u00e9, de sant\u00e9 et de s\u00e9curit\u00e9 garantissent le respect des [&hellip;]<\/p>\n","protected":false},"author":1,"featured_media":0,"parent":0,"menu_order":0,"comment_status":"closed","ping_status":"closed","template":"","meta":{"_et_pb_use_builder":"on","_et_pb_old_content":"","_et_gb_content_width":"","footnotes":""},"dipi_cpt_category":[],"class_list":["post-25835571","page","type-page","status-publish","hentry"],"yoast_head":"<!-- This site is optimized with the Yoast SEO plugin v26.7 - https:\/\/yoast.com\/wordpress\/plugins\/seo\/ -->\n<title>Comment nous contribuons au monde de demain | Kugler Bimetal<\/title>\n<meta name=\"description\" content=\"Nos engagements visent \u00e0 garantir un environnement de travail s\u00fbr et \u00e0 l\u00e9guer un monde meilleur aux g\u00e9n\u00e9rations futures.\" \/>\n<meta name=\"robots\" content=\"index, follow, max-snippet:-1, max-image-preview:large, max-video-preview:-1\" \/>\n<link rel=\"canonical\" href=\"https:\/\/kuglerbimetal.ch\/fr\/rse\/\" \/>\n<meta property=\"og:locale\" content=\"fr_FR\" \/>\n<meta property=\"og:type\" content=\"article\" \/>\n<meta property=\"og:title\" content=\"Comment nous contribuons au monde de demain | Kugler Bimetal\" \/>\n<meta property=\"og:description\" content=\"Nos engagements visent \u00e0 garantir un environnement de travail s\u00fbr et \u00e0 l\u00e9guer un monde meilleur aux g\u00e9n\u00e9rations futures.\" \/>\n<meta property=\"og:url\" content=\"https:\/\/kuglerbimetal.ch\/fr\/rse\/\" \/>\n<meta property=\"og:site_name\" content=\"Kugler Bimetal SA\" \/>\n<meta property=\"article:modified_time\" content=\"2025-10-14T15:20:37+00:00\" \/>\n<meta name=\"twitter:card\" content=\"summary_large_image\" \/>\n<meta name=\"twitter:label1\" content=\"Dur\u00e9e de lecture estim\u00e9e\" \/>\n\t<meta name=\"twitter:data1\" content=\"6 minutes\" \/>\n<script type=\"application\/ld+json\" class=\"yoast-schema-graph\">{\"@context\":\"https:\/\/schema.org\",\"@graph\":[{\"@type\":\"WebPage\",\"@id\":\"https:\/\/kuglerbimetal.ch\/fr\/rse\/\",\"url\":\"https:\/\/kuglerbimetal.ch\/fr\/rse\/\",\"name\":\"Comment nous contribuons au monde de demain | Kugler Bimetal\",\"isPartOf\":{\"@id\":\"https:\/\/kuglerbimetal.ch\/fr\/#website\"},\"datePublished\":\"2025-02-19T09:38:15+00:00\",\"dateModified\":\"2025-10-14T15:20:37+00:00\",\"description\":\"Nos engagements visent \u00e0 garantir un environnement de travail s\u00fbr et \u00e0 l\u00e9guer un monde meilleur aux g\u00e9n\u00e9rations futures.\",\"breadcrumb\":{\"@id\":\"https:\/\/kuglerbimetal.ch\/fr\/rse\/#breadcrumb\"},\"inLanguage\":\"fr-FR\",\"potentialAction\":[{\"@type\":\"ReadAction\",\"target\":[\"https:\/\/kuglerbimetal.ch\/fr\/rse\/\"]}]},{\"@type\":\"BreadcrumbList\",\"@id\":\"https:\/\/kuglerbimetal.ch\/fr\/rse\/#breadcrumb\",\"itemListElement\":[{\"@type\":\"ListItem\",\"position\":1,\"name\":\"Accueil\",\"item\":\"https:\/\/kuglerbimetal.ch\/fr\/accueil\/\"},{\"@type\":\"ListItem\",\"position\":2,\"name\":\"RSE\"}]},{\"@type\":\"WebSite\",\"@id\":\"https:\/\/kuglerbimetal.ch\/fr\/#website\",\"url\":\"https:\/\/kuglerbimetal.ch\/fr\/\",\"name\":\"Kugler Bimetal SA\",\"description\":\"New generation antifriction coatings\",\"publisher\":{\"@id\":\"https:\/\/kuglerbimetal.ch\/fr\/#organization\"},\"potentialAction\":[{\"@type\":\"SearchAction\",\"target\":{\"@type\":\"EntryPoint\",\"urlTemplate\":\"https:\/\/kuglerbimetal.ch\/fr\/?s={search_term_string}\"},\"query-input\":{\"@type\":\"PropertyValueSpecification\",\"valueRequired\":true,\"valueName\":\"search_term_string\"}}],\"inLanguage\":\"fr-FR\"},{\"@type\":\"Organization\",\"@id\":\"https:\/\/kuglerbimetal.ch\/fr\/#organization\",\"name\":\"Kugler Bimetal SA\",\"url\":\"https:\/\/kuglerbimetal.ch\/fr\/\",\"logo\":{\"@type\":\"ImageObject\",\"inLanguage\":\"fr-FR\",\"@id\":\"https:\/\/kuglerbimetal.ch\/fr\/#\/schema\/logo\/image\/\",\"url\":\"https:\/\/kuglerbimetal.ch\/wp-content\/uploads\/2025\/01\/logo.jpg\",\"contentUrl\":\"https:\/\/kuglerbimetal.ch\/wp-content\/uploads\/2025\/01\/logo.jpg\",\"width\":311,\"height\":82,\"caption\":\"Kugler Bimetal SA\"},\"image\":{\"@id\":\"https:\/\/kuglerbimetal.ch\/fr\/#\/schema\/logo\/image\/\"},\"sameAs\":[\"https:\/\/www.linkedin.com\/company\/kugler-bimetal-sa\/posts\/?feedView=all&viewAsMember=true\",\"https:\/\/www.youtube.com\/channel\/UCDhbWW3iEuq7UeEU_DBaaJw\"]}]}<\/script>\n<!-- \/ Yoast SEO plugin. -->","yoast_head_json":{"title":"Comment nous contribuons au monde de demain | Kugler Bimetal","description":"Nos engagements visent \u00e0 garantir un environnement de travail s\u00fbr et \u00e0 l\u00e9guer un monde meilleur aux g\u00e9n\u00e9rations futures.","robots":{"index":"index","follow":"follow","max-snippet":"max-snippet:-1","max-image-preview":"max-image-preview:large","max-video-preview":"max-video-preview:-1"},"canonical":"https:\/\/kuglerbimetal.ch\/fr\/rse\/","og_locale":"fr_FR","og_type":"article","og_title":"Comment nous contribuons au monde de demain | Kugler Bimetal","og_description":"Nos engagements visent \u00e0 garantir un environnement de travail s\u00fbr et \u00e0 l\u00e9guer un monde meilleur aux g\u00e9n\u00e9rations futures.","og_url":"https:\/\/kuglerbimetal.ch\/fr\/rse\/","og_site_name":"Kugler Bimetal SA","article_modified_time":"2025-10-14T15:20:37+00:00","twitter_card":"summary_large_image","twitter_misc":{"Dur\u00e9e de lecture estim\u00e9e":"6 minutes"},"schema":{"@context":"https:\/\/schema.org","@graph":[{"@type":"WebPage","@id":"https:\/\/kuglerbimetal.ch\/fr\/rse\/","url":"https:\/\/kuglerbimetal.ch\/fr\/rse\/","name":"Comment nous contribuons au monde de demain | Kugler Bimetal","isPartOf":{"@id":"https:\/\/kuglerbimetal.ch\/fr\/#website"},"datePublished":"2025-02-19T09:38:15+00:00","dateModified":"2025-10-14T15:20:37+00:00","description":"Nos engagements visent \u00e0 garantir un environnement de travail s\u00fbr et \u00e0 l\u00e9guer un monde meilleur aux g\u00e9n\u00e9rations futures.","breadcrumb":{"@id":"https:\/\/kuglerbimetal.ch\/fr\/rse\/#breadcrumb"},"inLanguage":"fr-FR","potentialAction":[{"@type":"ReadAction","target":["https:\/\/kuglerbimetal.ch\/fr\/rse\/"]}]},{"@type":"BreadcrumbList","@id":"https:\/\/kuglerbimetal.ch\/fr\/rse\/#breadcrumb","itemListElement":[{"@type":"ListItem","position":1,"name":"Accueil","item":"https:\/\/kuglerbimetal.ch\/fr\/accueil\/"},{"@type":"ListItem","position":2,"name":"RSE"}]},{"@type":"WebSite","@id":"https:\/\/kuglerbimetal.ch\/fr\/#website","url":"https:\/\/kuglerbimetal.ch\/fr\/","name":"Kugler Bimetal SA","description":"New generation antifriction coatings","publisher":{"@id":"https:\/\/kuglerbimetal.ch\/fr\/#organization"},"potentialAction":[{"@type":"SearchAction","target":{"@type":"EntryPoint","urlTemplate":"https:\/\/kuglerbimetal.ch\/fr\/?s={search_term_string}"},"query-input":{"@type":"PropertyValueSpecification","valueRequired":true,"valueName":"search_term_string"}}],"inLanguage":"fr-FR"},{"@type":"Organization","@id":"https:\/\/kuglerbimetal.ch\/fr\/#organization","name":"Kugler Bimetal SA","url":"https:\/\/kuglerbimetal.ch\/fr\/","logo":{"@type":"ImageObject","inLanguage":"fr-FR","@id":"https:\/\/kuglerbimetal.ch\/fr\/#\/schema\/logo\/image\/","url":"https:\/\/kuglerbimetal.ch\/wp-content\/uploads\/2025\/01\/logo.jpg","contentUrl":"https:\/\/kuglerbimetal.ch\/wp-content\/uploads\/2025\/01\/logo.jpg","width":311,"height":82,"caption":"Kugler Bimetal SA"},"image":{"@id":"https:\/\/kuglerbimetal.ch\/fr\/#\/schema\/logo\/image\/"},"sameAs":["https:\/\/www.linkedin.com\/company\/kugler-bimetal-sa\/posts\/?feedView=all&viewAsMember=true","https:\/\/www.youtube.com\/channel\/UCDhbWW3iEuq7UeEU_DBaaJw"]}]}},"_links":{"self":[{"href":"https:\/\/kuglerbimetal.ch\/fr\/wp-json\/wp\/v2\/pages\/25835571","targetHints":{"allow":["GET"]}}],"collection":[{"href":"https:\/\/kuglerbimetal.ch\/fr\/wp-json\/wp\/v2\/pages"}],"about":[{"href":"https:\/\/kuglerbimetal.ch\/fr\/wp-json\/wp\/v2\/types\/page"}],"author":[{"embeddable":true,"href":"https:\/\/kuglerbimetal.ch\/fr\/wp-json\/wp\/v2\/users\/1"}],"replies":[{"embeddable":true,"href":"https:\/\/kuglerbimetal.ch\/fr\/wp-json\/wp\/v2\/comments?post=25835571"}],"version-history":[{"count":5,"href":"https:\/\/kuglerbimetal.ch\/fr\/wp-json\/wp\/v2\/pages\/25835571\/revisions"}],"predecessor-version":[{"id":25835633,"href":"https:\/\/kuglerbimetal.ch\/fr\/wp-json\/wp\/v2\/pages\/25835571\/revisions\/25835633"}],"wp:attachment":[{"href":"https:\/\/kuglerbimetal.ch\/fr\/wp-json\/wp\/v2\/media?parent=25835571"}],"wp:term":[{"taxonomy":"dipi_cpt_category","embeddable":true,"href":"https:\/\/kuglerbimetal.ch\/fr\/wp-json\/wp\/v2\/dipi_cpt_category?post=25835571"}],"curies":[{"name":"wp","href":"https:\/\/api.w.org\/{rel}","templated":true}]}}